{"id":2040,"date":"2025-02-14T09:46:01","date_gmt":"2025-02-14T15:46:01","guid":{"rendered":"https:\/\/www.cleanvepro.com\/?post_type=product&#038;p=2040"},"modified":"2025-07-23T11:55:33","modified_gmt":"2025-07-23T16:55:33","slug":"deep-cleaning","status":"publish","type":"product","link":"https:\/\/www.cleanvepro.com\/es\/producto\/deep-cleaning\/","title":{"rendered":"Limpieza profunda"},"content":{"rendered":"","protected":false},"excerpt":{"rendered":"<p>Este servicio incluye una limpieza a fondo de todas las zonas del hogar, desde la cocina y los ba\u00f1os, hasta los dormitorios y zonas comunes. Los profesionales de Cleanvepro utilizan productos de alta calidad y t\u00e9cnicas avanzadas para eliminar la suciedad, el polvo y los al\u00e9rgenos, garantizando as\u00ed un ambiente sano y seguro para toda la familia, dejando cada rinc\u00f3n impecable.<\/p>\n<p><strong>La limpieza profunda incluye:<\/strong><\/p>\n<ul>\n<li>Cocina: Limpie encimeras, peque\u00f1os electrodom\u00e9sticos, microondas (por dentro y por fuera), estufas, refrigeradores, gabinetes, lavavajillas, fregadero, grifo y desag\u00fce, desempolve los alf\u00e9izares de las ventanas, aspire y trapee los pisos.<\/li>\n<li>Incluido en la mudanza y la limpieza profunda: pulir gabinetes de cocina, z\u00f3calos, salpicaderos y placas de interruptores.<\/li>\n<li>Ba\u00f1os: Limpie las ba\u00f1eras y las duchas, friegue los inodoros, retire las telara\u00f1as, limpie las luces, los espejos y las encimeras, limpie los gabinetes, quite el polvo de los portarrollos de papel higi\u00e9nico y los toalleros, aspire y trapee los pisos, limpie todas las rejillas de ventilaci\u00f3n.<\/li>\n<li>Incluido en mudanza y limpieza profunda: limpieza de cortinas, gabinetes, z\u00f3calos y electrodom\u00e9sticos.<\/li>\n<li>Dormitorios: Quite el polvo y limpie los muebles, aspire las alfombras y trapee los pisos, limpie las l\u00e1mparas y los ventiladores de techo, los alf\u00e9izares, los z\u00f3calos y los marcos de las ventanas.<\/li>\n<li>Incluido en Mudanza y Limpieza Profunda: Limpieza detallada de puertas, ventanas, ventilaciones, muebles, iluminaci\u00f3n, z\u00f3calos y decoraci\u00f3n.<\/li>\n<li>Sala y \u00e1reas comunes, pasillos y escaleras: Quite el polvo y limpie los muebles, aspire alfombras y trapee los pisos, limpie l\u00e1mparas y ventiladores de techo, alf\u00e9izares, z\u00f3calos y marcos de ventanas.<\/li>\n<li>Incluido en Mudanza y Limpieza Profunda: Limpieza detallada de puertas, ventanas, ventilaciones, muebles, iluminaci\u00f3n, z\u00f3calos y decoraci\u00f3n.<\/li>\n<\/ul>\n<p>Reserve con la tarifa inicial y el equipo se instalar\u00e1 en el sitio al momento del servicio.<\/p>","protected":false},"featured_media":1772,"comment_status":"open","ping_status":"closed","template":"","meta":{"site-sidebar-layout":"default","site-content-layout":"","ast-site-content-layout":"default","site-content-style":"default","site-sidebar-style":"default","ast-global-header-display":"","ast-banner-title-visibility":"","ast-main-header-display":"","ast-hfb-above-header-display":"","ast-hfb-below-header-display":"","ast-hfb-mobile-header-display":"","site-post-title":"","ast-breadcrumbs-content":"","ast-featured-img":"","footer-sml-layout":"","theme-transparent-header-meta":"default","adv-header-id-meta":"","stick-header-meta":"","header-above-stick-meta":"","header-main-stick-meta":"","header-below-stick-meta":"","astra-migrate-meta-layouts":"set","ast-page-background-enabled":"default","ast-page-background-meta":{"desktop":{"background-color":"var(--ast-global-color-4)","background-image":"","background-repeat":"repeat","background-position":"center center","background-size":"auto","background-attachment":"scroll","background-type":"","background-media":"","overlay-type":"","overlay-color":"","overlay-opacity":"","overlay-gradient":""},"tablet":{"background-color":"","background-image":"","background-repeat":"repeat","background-position":"center center","background-size":"auto","background-attachment":"scroll","background-type":"","background-media":"","overlay-type":"","overlay-color":"","overlay-opacity":"","overlay-gradient":""},"mobile":{"background-color":"","background-image":"","background-repeat":"repeat","background-position":"center center","background-size":"auto","background-attachment":"scroll","background-type":"","background-media":"","overlay-type":"","overlay-color":"","overlay-opacity":"","overlay-gradient":""}},"ast-content-background-meta":{"desktop":{"background-color":"var(--ast-global-color-5)","background-image":"","background-repeat":"repeat","background-position":"center center","background-size":"auto","background-attachment":"scroll","background-type":"","background-media":"","overlay-type":"","overlay-color":"","overlay-opacity":"","overlay-gradient":""},"tablet":{"background-color":"var(--ast-global-color-5)","background-image":"","background-repeat":"repeat","background-position":"center center","background-size":"auto","background-attachment":"scroll","background-type":"","background-media":"","overlay-type":"","overlay-color":"","overlay-opacity":"","overlay-gradient":""},"mobile":{"background-color":"var(--ast-global-color-5)","background-image":"","background-repeat":"repeat","background-position":"center center","background-size":"auto","background-attachment":"scroll","background-type":"","background-media":"","overlay-type":"","overlay-color":"","overlay-opacity":"","overlay-gradient":""}},"_joinchat":[]},"product_brand":[],"product_cat":[36],"product_tag":[],"class_list":{"0":"post-2040","1":"product","2":"type-product","3":"status-publish","4":"has-post-thumbnail","6":"product_cat-home-cleaning","7":"desktop-align-left","8":"tablet-align-left","9":"mobile-align-left","11":"first","12":"instock","13":"shipping-taxable","14":"purchasable","15":"product-type-variable"},"_links":{"self":[{"href":"https:\/\/www.cleanvepro.com\/es\/wp-json\/wp\/v2\/product\/2040","targetHints":{"allow":["GET"]}}],"collection":[{"href":"https:\/\/www.cleanvepro.com\/es\/wp-json\/wp\/v2\/product"}],"about":[{"href":"https:\/\/www.cleanvepro.com\/es\/wp-json\/wp\/v2\/types\/product"}],"replies":[{"embeddable":true,"href":"https:\/\/www.cleanvepro.com\/es\/wp-json\/wp\/v2\/comments?post=2040"}],"wp:featuredmedia":[{"embeddable":true,"href":"https:\/\/www.cleanvepro.com\/es\/wp-json\/wp\/v2\/media\/1772"}],"wp:attachment":[{"href":"https:\/\/www.cleanvepro.com\/es\/wp-json\/wp\/v2\/media?parent=2040"}],"wp:term":[{"taxonomy":"product_brand","embeddable":true,"href":"https:\/\/www.cleanvepro.com\/es\/wp-json\/wp\/v2\/product_brand?post=2040"},{"taxonomy":"product_cat","embeddable":true,"href":"https:\/\/www.cleanvepro.com\/es\/wp-json\/wp\/v2\/product_cat?post=2040"},{"taxonomy":"product_tag","embeddable":true,"href":"https:\/\/www.cleanvepro.com\/es\/wp-json\/wp\/v2\/product_tag?post=2040"}],"curies":[{"name":"wp","href":"https:\/\/api.w.org\/{rel}","templated":true}]}}